{"id":30,"date":"2019-06-20T09:22:26","date_gmt":"2019-06-20T07:22:26","guid":{"rendered":"http:\/\/contribcity.arnaud.at\/?page_id=30"},"modified":"2023-11-16T19:48:23","modified_gmt":"2023-11-16T18:48:23","slug":"a-propos","status":"publish","type":"page","link":"https:\/\/contrib.city\/index.php\/a-propos\/","title":{"rendered":"\u00c0 Propos"},"content":{"rendered":"\r\n<div class=\"wp-block-image\">\r\n<figure class=\"alignright is-resized\"><img loading=\"lazy\" decoding=\"async\" class=\"wp-image-111\" src=\"http:\/\/bdefoucauld.fr\/wp-content\/uploads\/2019\/06\/bertrand-4.jpg\" alt=\"\" width=\"97\" height=\"126\" srcset=\"https:\/\/contrib.city\/wp-content\/uploads\/2019\/06\/bertrand-4.jpg 253w, https:\/\/contrib.city\/wp-content\/uploads\/2019\/06\/bertrand-4-231x300.jpg 231w\" sizes=\"auto, (max-width: 97px) 100vw, 97px\" \/><\/figure>\r\n<\/div>\r\n\r\n\r\n\r\n<p style=\"text-align: justify;\">Bertrand de Foucauld est actuellement le cr\u00e9ateur et g\u00e9rant de Contrib&#8217;City, un site d\u00e9di\u00e9 aux territoires locaux, \u00e0 leurs acteurs et \u00e0 leurs enjeux.<\/p>\r\n<p>Depuis 2017, il d\u00e9veloppe un r\u00e9seaux de partenaires europ\u00e9ens et indiens en lien avec le d\u00e9veloppement local.<\/p>\r\n<p>Il termine \u00e9galement un roman qui se veut dans la mouvance du r\u00e9alisme balzacien, sans oublier l&#8217;h\u00e9ritage du romantisme fran\u00e7ais.&nbsp;<\/p>\r\n<p>Depuis son enfance, Bertrand a toujours d\u00e9velopp\u00e9 un fort int\u00e9r\u00eat pour les interactions entre les habitants et leurs lieux de vie.<\/p>\r\n\r\n\r\n\r\n<p style=\"text-align: justify;\">Bertrand a travaill\u00e9 comme urbaniste\/g\u00e9ographe ind\u00e9pendant et comme consultant dans le domaine de l&#8217;urbanisme, du logement priv\u00e9 et public, des transports urbains, de l&#8217;innovation sociale et du d\u00e9veloppement local, en France, au Royaume-Uni et aux Etats-Unis, depuis 2000.&nbsp;<\/p>\r\n\r\n\r\n\r\n<p style=\"text-align: justify;\">Il est titulaire d&#8217;un doctorat et d&#8217;un master en am\u00e9nagement du territoire de l&#8217;Universit\u00e9 de Paris-Sorbonne, d&#8217;un master en sociologie appliqu\u00e9e des Minist\u00e8res des Affaires Sociales et Jeunesse et Sports, et d&#8217;un BTS commercial.<\/p>\r\n<p><a href=\"https:\/\/www.linkedin.com\/in\/bertranddefoucauld\/?locale=fr_FR\">Lire plus<\/a><\/p>\r\n<p><em>Contactez nous \u00e0 <a href=\"mailto:contact@contrib.city\" target=\"_blank\" rel=\"nofollow noopener noreferrer\">contact@contrib.city<\/a><\/em><\/p>","protected":false},"excerpt":{"rendered":"<p>Bertrand de Foucauld est actuellement le cr\u00e9ateur et g\u00e9rant de Contrib&#8217;City, un site d\u00e9di\u00e9 aux territoires locaux, \u00e0 leurs acteurs<\/p>\n","protected":false},"author":1,"featured_media":0,"parent":0,"menu_order":0,"comment_status":"closed","ping_status":"closed","template":"","meta":{"_acf_changed":false,"inline_featured_image":false,"_exactmetrics_skip_tracking":false,"_exactmetrics_sitenote_active":false,"_exactmetrics_sitenote_note":"","_exactmetrics_sitenote_category":0,"ngg_post_thumbnail":0,"footnotes":""},"class_list":["post-30","page","type-page","status-publish","hentry"],"acf":[],"yoast_head":"<!-- This site is optimized with the Yoast SEO plugin v27.2 - https:\/\/yoast.com\/product\/yoast-seo-wordpress\/ -->\n<title>\u00c0 Propos - ContribCity<\/title>\n<meta name=\"robots\" content=\"index, follow, max-snippet:-1, max-image-preview:large, max-video-preview:-1\" \/>\n<link rel=\"canonical\" href=\"https:\/\/contrib.city\/index.php\/a-propos\/\" \/>\n<meta property=\"og:locale\" content=\"fr_FR\" \/>\n<meta property=\"og:type\" content=\"article\" \/>\n<meta property=\"og:title\" content=\"\u00c0 Propos - ContribCity\" \/>\n<meta property=\"og:description\" content=\"Bertrand de Foucauld est actuellement le cr\u00e9ateur et g\u00e9rant de Contrib&#8217;City, un site d\u00e9di\u00e9 aux territoires locaux, \u00e0 leurs acteurs\" \/>\n<meta property=\"og:url\" content=\"https:\/\/contrib.city\/index.php\/a-propos\/\" \/>\n<meta property=\"og:site_name\" content=\"ContribCity\" \/>\n<meta property=\"article:modified_time\" content=\"2023-11-16T18:48:23+00:00\" \/>\n<meta property=\"og:image\" content=\"http:\/\/bdefoucauld.fr\/wp-content\/uploads\/2019\/06\/bertrand-4.jpg\" \/>\n<meta name=\"twitter:card\" content=\"summary_large_image\" \/>\n<meta name=\"twitter:label1\" content=\"Dur\u00e9e de lecture estim\u00e9e\" \/>\n\t<meta name=\"twitter:data1\" content=\"2 minutes\" \/>\n<script type=\"application\/ld+json\" class=\"yoast-schema-graph\">{\"@context\":\"https:\/\/schema.org\",\"@graph\":[{\"@type\":\"WebPage\",\"@id\":\"https:\/\/contrib.city\/index.php\/a-propos\/\",\"url\":\"https:\/\/contrib.city\/index.php\/a-propos\/\",\"name\":\"\u00c0 Propos - ContribCity\",\"isPartOf\":{\"@id\":\"https:\/\/contrib.city\/#website\"},\"primaryImageOfPage\":{\"@id\":\"https:\/\/contrib.city\/index.php\/a-propos\/#primaryimage\"},\"image\":{\"@id\":\"https:\/\/contrib.city\/index.php\/a-propos\/#primaryimage\"},\"thumbnailUrl\":\"http:\/\/bdefoucauld.fr\/wp-content\/uploads\/2019\/06\/bertrand-4.jpg\",\"datePublished\":\"2019-06-20T07:22:26+00:00\",\"dateModified\":\"2023-11-16T18:48:23+00:00\",\"breadcrumb\":{\"@id\":\"https:\/\/contrib.city\/index.php\/a-propos\/#breadcrumb\"},\"inLanguage\":\"fr-FR\",\"potentialAction\":[{\"@type\":\"ReadAction\",\"target\":[\"https:\/\/contrib.city\/index.php\/a-propos\/\"]}]},{\"@type\":\"ImageObject\",\"inLanguage\":\"fr-FR\",\"@id\":\"https:\/\/contrib.city\/index.php\/a-propos\/#primaryimage\",\"url\":\"http:\/\/bdefoucauld.fr\/wp-content\/uploads\/2019\/06\/bertrand-4.jpg\",\"contentUrl\":\"http:\/\/bdefoucauld.fr\/wp-content\/uploads\/2019\/06\/bertrand-4.jpg\"},{\"@type\":\"BreadcrumbList\",\"@id\":\"https:\/\/contrib.city\/index.php\/a-propos\/#breadcrumb\",\"itemListElement\":[{\"@type\":\"ListItem\",\"position\":1,\"name\":\"Home\",\"item\":\"https:\/\/contrib.city\/\"},{\"@type\":\"ListItem\",\"position\":2,\"name\":\"\u00c0 Propos\"}]},{\"@type\":\"WebSite\",\"@id\":\"https:\/\/contrib.city\/#website\",\"url\":\"https:\/\/contrib.city\/\",\"name\":\"ContribCity\",\"description\":\"Parlons de nos lieux de vie\",\"publisher\":{\"@id\":\"https:\/\/contrib.city\/#organization\"},\"potentialAction\":[{\"@type\":\"SearchAction\",\"target\":{\"@type\":\"EntryPoint\",\"urlTemplate\":\"https:\/\/contrib.city\/?s={search_term_string}\"},\"query-input\":{\"@type\":\"PropertyValueSpecification\",\"valueRequired\":true,\"valueName\":\"search_term_string\"}}],\"inLanguage\":\"fr-FR\"},{\"@type\":\"Organization\",\"@id\":\"https:\/\/contrib.city\/#organization\",\"name\":\"ContribCity\",\"url\":\"https:\/\/contrib.city\/\",\"logo\":{\"@type\":\"ImageObject\",\"inLanguage\":\"fr-FR\",\"@id\":\"https:\/\/contrib.city\/#\/schema\/logo\/image\/\",\"url\":\"https:\/\/contrib.city\/wp-content\/uploads\/2020\/01\/cropped-Parlons-de-nos-lieux-de-vie-2.jpg\",\"contentUrl\":\"https:\/\/contrib.city\/wp-content\/uploads\/2020\/01\/cropped-Parlons-de-nos-lieux-de-vie-2.jpg\",\"width\":1133,\"height\":218,\"caption\":\"ContribCity\"},\"image\":{\"@id\":\"https:\/\/contrib.city\/#\/schema\/logo\/image\/\"}}]}<\/script>\n<!-- \/ Yoast SEO plugin. -->","yoast_head_json":{"title":"\u00c0 Propos - ContribCity","robots":{"index":"index","follow":"follow","max-snippet":"max-snippet:-1","max-image-preview":"max-image-preview:large","max-video-preview":"max-video-preview:-1"},"canonical":"https:\/\/contrib.city\/index.php\/a-propos\/","og_locale":"fr_FR","og_type":"article","og_title":"\u00c0 Propos - ContribCity","og_description":"Bertrand de Foucauld est actuellement le cr\u00e9ateur et g\u00e9rant de Contrib&#8217;City, un site d\u00e9di\u00e9 aux territoires locaux, \u00e0 leurs acteurs","og_url":"https:\/\/contrib.city\/index.php\/a-propos\/","og_site_name":"ContribCity","article_modified_time":"2023-11-16T18:48:23+00:00","og_image":[{"url":"http:\/\/bdefoucauld.fr\/wp-content\/uploads\/2019\/06\/bertrand-4.jpg","type":"","width":"","height":""}],"twitter_card":"summary_large_image","twitter_misc":{"Dur\u00e9e de lecture estim\u00e9e":"2 minutes"},"schema":{"@context":"https:\/\/schema.org","@graph":[{"@type":"WebPage","@id":"https:\/\/contrib.city\/index.php\/a-propos\/","url":"https:\/\/contrib.city\/index.php\/a-propos\/","name":"\u00c0 Propos - ContribCity","isPartOf":{"@id":"https:\/\/contrib.city\/#website"},"primaryImageOfPage":{"@id":"https:\/\/contrib.city\/index.php\/a-propos\/#primaryimage"},"image":{"@id":"https:\/\/contrib.city\/index.php\/a-propos\/#primaryimage"},"thumbnailUrl":"http:\/\/bdefoucauld.fr\/wp-content\/uploads\/2019\/06\/bertrand-4.jpg","datePublished":"2019-06-20T07:22:26+00:00","dateModified":"2023-11-16T18:48:23+00:00","breadcrumb":{"@id":"https:\/\/contrib.city\/index.php\/a-propos\/#breadcrumb"},"inLanguage":"fr-FR","potentialAction":[{"@type":"ReadAction","target":["https:\/\/contrib.city\/index.php\/a-propos\/"]}]},{"@type":"ImageObject","inLanguage":"fr-FR","@id":"https:\/\/contrib.city\/index.php\/a-propos\/#primaryimage","url":"http:\/\/bdefoucauld.fr\/wp-content\/uploads\/2019\/06\/bertrand-4.jpg","contentUrl":"http:\/\/bdefoucauld.fr\/wp-content\/uploads\/2019\/06\/bertrand-4.jpg"},{"@type":"BreadcrumbList","@id":"https:\/\/contrib.city\/index.php\/a-propos\/#breadcrumb","itemListElement":[{"@type":"ListItem","position":1,"name":"Home","item":"https:\/\/contrib.city\/"},{"@type":"ListItem","position":2,"name":"\u00c0 Propos"}]},{"@type":"WebSite","@id":"https:\/\/contrib.city\/#website","url":"https:\/\/contrib.city\/","name":"ContribCity","description":"Parlons de nos lieux de vie","publisher":{"@id":"https:\/\/contrib.city\/#organization"},"potentialAction":[{"@type":"SearchAction","target":{"@type":"EntryPoint","urlTemplate":"https:\/\/contrib.city\/?s={search_term_string}"},"query-input":{"@type":"PropertyValueSpecification","valueRequired":true,"valueName":"search_term_string"}}],"inLanguage":"fr-FR"},{"@type":"Organization","@id":"https:\/\/contrib.city\/#organization","name":"ContribCity","url":"https:\/\/contrib.city\/","logo":{"@type":"ImageObject","inLanguage":"fr-FR","@id":"https:\/\/contrib.city\/#\/schema\/logo\/image\/","url":"https:\/\/contrib.city\/wp-content\/uploads\/2020\/01\/cropped-Parlons-de-nos-lieux-de-vie-2.jpg","contentUrl":"https:\/\/contrib.city\/wp-content\/uploads\/2020\/01\/cropped-Parlons-de-nos-lieux-de-vie-2.jpg","width":1133,"height":218,"caption":"ContribCity"},"image":{"@id":"https:\/\/contrib.city\/#\/schema\/logo\/image\/"}}]}},"jetpack_sharing_enabled":true,"post_mailing_queue_ids":[],"_links":{"self":[{"href":"https:\/\/contrib.city\/index.php\/wp-json\/wp\/v2\/pages\/30","targetHints":{"allow":["GET"]}}],"collection":[{"href":"https:\/\/contrib.city\/index.php\/wp-json\/wp\/v2\/pages"}],"about":[{"href":"https:\/\/contrib.city\/index.php\/wp-json\/wp\/v2\/types\/page"}],"author":[{"embeddable":true,"href":"https:\/\/contrib.city\/index.php\/wp-json\/wp\/v2\/users\/1"}],"replies":[{"embeddable":true,"href":"https:\/\/contrib.city\/index.php\/wp-json\/wp\/v2\/comments?post=30"}],"version-history":[{"count":44,"href":"https:\/\/contrib.city\/index.php\/wp-json\/wp\/v2\/pages\/30\/revisions"}],"predecessor-version":[{"id":9042,"href":"https:\/\/contrib.city\/index.php\/wp-json\/wp\/v2\/pages\/30\/revisions\/9042"}],"wp:attachment":[{"href":"https:\/\/contrib.city\/index.php\/wp-json\/wp\/v2\/media?parent=30"}],"curies":[{"name":"wp","href":"https:\/\/api.w.org\/{rel}","templated":true}]}}